{"id":2931,"date":"2023-10-17T07:34:11","date_gmt":"2023-10-17T07:34:11","guid":{"rendered":"https:\/\/ixiaro.ca\/traveller\/contact-us\/"},"modified":"2023-12-22T05:30:10","modified_gmt":"2023-12-22T05:30:10","slug":"nous-joindre","status":"publish","type":"page","link":"https:\/\/ixiaro.ca\/fr\/nous-joindre\/","title":{"rendered":"Nous Joindre"},"content":{"rendered":"\t\t<div data-elementor-type=\"wp-page\" data-elementor-id=\"2931\" class=\"elementor elementor-2931 elementor-29\">\n\t\t\t\t<div class=\"elementor-element elementor-element-fa1a427 e-con-full top_div e-flex e-con e-parent\" data-id=\"fa1a427\" data-element_type=\"container\">\n\t\t<div class=\"elementor-element elementor-element-08b72ec e-con-full e-flex e-con e-child\" data-id=\"08b72ec\" data-element_type=\"container\" data-settings=\"{&quot;background_background&quot;:&quot;classic&quot;}\">\n\t\t\t\t<div class=\"elementor-element elementor-element-fa5d2d4 elementor-widget elementor-widget-heading\" data-id=\"fa5d2d4\" data-element_type=\"widget\" data-widget_type=\"heading.default\">\n\t\t\t\t<div class=\"elementor-widget-container\">\n\t\t\t\t\t<h2 class=\"elementor-heading-title elementor-size-default\">NOUS JOINDRE <\/h2>\t\t\t\t<\/div>\n\t\t\t\t<\/div>\n\t\t\t\t<\/div>\n\t\t\t\t<\/div>\n\t\t<div class=\"elementor-element elementor-element-610bfb1 e-flex e-con-boxed e-con e-parent\" data-id=\"610bfb1\" data-element_type=\"container\">\n\t\t\t\t\t<div class=\"e-con-inner\">\n\t\t<div class=\"elementor-element elementor-element-30a257e e-con-full e-flex e-con e-child\" data-id=\"30a257e\" data-element_type=\"container\">\n\t\t\t\t<div class=\"elementor-element elementor-element-1a5dde5 elementor-widget elementor-widget-image\" data-id=\"1a5dde5\" data-element_type=\"widget\" data-widget_type=\"image.default\">\n\t\t\t\t<div class=\"elementor-widget-container\">\n\t\t\t\t\t\t\t\t\t\t\t\t\t\t\t<img fetchpriority=\"high\" decoding=\"async\" width=\"940\" height=\"129\" src=\"https:\/\/ixiaro.ca\/wp-content\/uploads\/2023\/10\/Valneva-Logo.png\" class=\"attachment-full size-full wp-image-1196\" alt=\"\" srcset=\"https:\/\/ixiaro.ca\/wp-content\/uploads\/2023\/10\/Valneva-Logo.png 940w, https:\/\/ixiaro.ca\/wp-content\/uploads\/2023\/10\/Valneva-Logo-300x41.png 300w, https:\/\/ixiaro.ca\/wp-content\/uploads\/2023\/10\/Valneva-Logo-768x105.png 768w\" sizes=\"(max-width: 940px) 100vw, 940px\" \/>\t\t\t\t\t\t\t\t\t\t\t\t\t\t\t<\/div>\n\t\t\t\t<\/div>\n\t\t\t\t<\/div>\n\t\t<div class=\"elementor-element elementor-element-60d4e21 e-con-full e-flex e-con e-child\" data-id=\"60d4e21\" data-element_type=\"container\">\n\t\t\t\t<div class=\"elementor-element elementor-element-63cc67c elementor-widget elementor-widget-heading\" data-id=\"63cc67c\" data-element_type=\"widget\" data-widget_type=\"heading.default\">\n\t\t\t\t<div class=\"elementor-widget-container\">\n\t\t\t\t\t<div class=\"elementor-heading-title elementor-size-default\">VALNEVA Canada Inc.<\/div>\t\t\t\t<\/div>\n\t\t\t\t<\/div>\n\t\t\t\t<div class=\"elementor-element elementor-element-22b0273 elementor-widget elementor-widget-heading\" data-id=\"22b0273\" data-element_type=\"widget\" data-widget_type=\"heading.default\">\n\t\t\t\t<div class=\"elementor-widget-container\">\n\t\t\t\t\t<div class=\"elementor-heading-title elementor-size-default\">3535, boul. Saint-Charles,<\/div>\t\t\t\t<\/div>\n\t\t\t\t<\/div>\n\t\t\t\t<div class=\"elementor-element elementor-element-d66c784 elementor-widget elementor-widget-heading\" data-id=\"d66c784\" data-element_type=\"widget\" data-widget_type=\"heading.default\">\n\t\t\t\t<div class=\"elementor-widget-container\">\n\t\t\t\t\t<div class=\"elementor-heading-title elementor-size-default\">bureau 600 Kirkland (Qu\u00e9bec)<\/div>\t\t\t\t<\/div>\n\t\t\t\t<\/div>\n\t\t\t\t<div class=\"elementor-element elementor-element-7b70505 elementor-widget elementor-widget-heading\" data-id=\"7b70505\" data-element_type=\"widget\" data-widget_type=\"heading.default\">\n\t\t\t\t<div class=\"elementor-widget-container\">\n\t\t\t\t\t<div class=\"elementor-heading-title elementor-size-default\">H9H 5B9<\/div>\t\t\t\t<\/div>\n\t\t\t\t<\/div>\n\t\t\t\t<\/div>\n\t\t<div class=\"elementor-element elementor-element-6af0a39 e-con-full e-flex e-con e-child\" data-id=\"6af0a39\" data-element_type=\"container\">\n\t\t\t\t<div class=\"elementor-element elementor-element-543beee elementor-widget elementor-widget-heading\" data-id=\"543beee\" data-element_type=\"widget\" data-widget_type=\"heading.default\">\n\t\t\t\t<div class=\"elementor-widget-container\">\n\t\t\t\t\t<div class=\"elementor-heading-title elementor-size-default\">T\u00e9l\u00e9phone : <b><a href=\"tel:5146306999\">514-630-6999<\/a><\/b><\/div>\t\t\t\t<\/div>\n\t\t\t\t<\/div>\n\t\t\t\t<div class=\"elementor-element elementor-element-40ea969 elementor-widget elementor-widget-heading\" data-id=\"40ea969\" data-element_type=\"widget\" data-widget_type=\"heading.default\">\n\t\t\t\t<div class=\"elementor-widget-container\">\n\t\t\t\t\t<div class=\"elementor-heading-title elementor-size-default\">T\u00e9l\u00e9copieur :  <b><a href=\"tel:5146309666\">514-630-9666<\/a><\/b><\/div>\t\t\t\t<\/div>\n\t\t\t\t<\/div>\n\t\t\t\t<div class=\"elementor-element elementor-element-783e60b elementor-widget elementor-widget-heading\" data-id=\"783e60b\" data-element_type=\"widget\" data-widget_type=\"heading.default\">\n\t\t\t\t<div class=\"elementor-widget-container\">\n\t\t\t\t\t<div class=\"elementor-heading-title elementor-size-default\">Courriel : <b><a href=\"mailto:valnevacanada@valneva.com\">valnevacanada@valneva.com<\/a><\/b><\/div>\t\t\t\t<\/div>\n\t\t\t\t<\/div>\n\t\t\t\t<\/div>\n\t\t\t\t\t<\/div>\n\t\t\t\t<\/div>\n\t\t<div class=\"elementor-element elementor-element-2c7b9b1 e-flex e-con-boxed e-con e-parent\" data-id=\"2c7b9b1\" data-element_type=\"container\">\n\t\t\t\t\t<div class=\"e-con-inner\">\n\t\t<div class=\"elementor-element elementor-element-408e247 e-con-full e-flex e-con e-child\" data-id=\"408e247\" data-element_type=\"container\">\n\t\t\t\t<div class=\"elementor-element elementor-element-894cd7c elementor-widget elementor-widget-heading\" data-id=\"894cd7c\" data-element_type=\"widget\" data-widget_type=\"heading.default\">\n\t\t\t\t<div class=\"elementor-widget-container\">\n\t\t\t\t\t<h3 class=\"elementor-heading-title elementor-size-default\">Vous voulez rester inform\u00e9? Inscrivez-vous pour recevoir de Valneva les toutes les derni\u00e8res nouvelles sur IXIARO<sup>\u00ae<\/sup>.<\/h3>\t\t\t\t<\/div>\n\t\t\t\t<\/div>\n\t\t\t\t<div class=\"elementor-element elementor-element-0ab6b7d news_div elementor-widget elementor-widget-toggle\" data-id=\"0ab6b7d\" data-element_type=\"widget\" data-widget_type=\"toggle.default\">\n\t\t\t\t<div class=\"elementor-widget-container\">\n\t\t\t\t\t\t\t<div class=\"elementor-toggle\">\n\t\t\t\t\t\t\t<div class=\"elementor-toggle-item\">\n\t\t\t\t\t<div id=\"elementor-tab-title-1121\" class=\"elementor-tab-title\" data-tab=\"1\" role=\"button\" aria-controls=\"elementor-tab-content-1121\" aria-expanded=\"false\">\n\t\t\t\t\t\t\t\t\t\t\t\t<span class=\"elementor-toggle-icon elementor-toggle-icon-left\" aria-hidden=\"true\">\n\t\t\t\t\t\t\t\t\t\t\t\t\t\t\t<span class=\"elementor-toggle-icon-closed\"><i class=\"far fa-circle\"><\/i><\/span>\n\t\t\t\t\t\t\t\t<span class=\"elementor-toggle-icon-opened\"><i class=\"elementor-toggle-icon-opened fas fa-check-circle\"><\/i><\/span>\n\t\t\t\t\t\t\t\t\t\t\t\t\t<\/span>\n\t\t\t\t\t\t\t\t\t\t\t\t<a class=\"elementor-toggle-title\" tabindex=\"0\">\t Oui! J\u2019aimerais recevoir des courriels de Valneva pour rester inform\u00e9! <\/a>\n\t\t\t\t\t<\/div>\n\n\t\t\t\t\t<div id=\"elementor-tab-content-1121\" class=\"elementor-tab-content elementor-clearfix\" data-tab=\"1\" role=\"region\" aria-labelledby=\"elementor-tab-title-1121\">\n<div class=\"wpcf7 no-js\" id=\"wpcf7-f3159-p2931-o1\" lang=\"en-US\" dir=\"ltr\" data-wpcf7-id=\"3159\">\n<div class=\"screen-reader-response\"><p role=\"status\" aria-live=\"polite\" aria-atomic=\"true\"><\/p> <ul><\/ul><\/div>\n<form action=\"\/fr\/nous-joindre\/#wpcf7-f3159-p2931-o1\" method=\"post\" class=\"wpcf7-form init\" aria-label=\"Contact form\" novalidate=\"novalidate\" data-status=\"init\">\n<fieldset class=\"hidden-fields-container\"><input type=\"hidden\" name=\"_wpcf7\" value=\"3159\" \/><input type=\"hidden\" name=\"_wpcf7_version\" value=\"6.1.4\" \/><input type=\"hidden\" name=\"_wpcf7_locale\" value=\"en_US\" \/><input type=\"hidden\" name=\"_wpcf7_unit_tag\" value=\"wpcf7-f3159-p2931-o1\" \/><input type=\"hidden\" name=\"_wpcf7_container_post\" value=\"2931\" \/><input type=\"hidden\" name=\"_wpcf7_posted_data_hash\" value=\"\" \/>\n<\/fieldset>\n<p><label class=\"mail_label\"><span class=\"wpcf7-form-control-wrap\" data-name=\"your-email\"><input size=\"40\" maxlength=\"400\" class=\"wpcf7-form-control wpcf7-email wpcf7-validates-as-required wpcf7-text wpcf7-validates-as-email\" aria-required=\"true\" aria-invalid=\"false\" placeholder=\"Entrez votre adresse courriel\" value=\"\" type=\"email\" name=\"your-email\" \/><\/span><\/label>\n<\/p>\n<p><label><span class=\"wpcf7-form-control-wrap\" data-name=\"checkbox-receive-emails\"><span class=\"wpcf7-form-control wpcf7-checkbox\"><span class=\"wpcf7-list-item first last\"><label><input type=\"checkbox\" name=\"checkbox-receive-emails[]\" value=\"Je comprends qu\u2019en cochant cette case, je consens \u00e0 recevoir des courriels de Valneva contenant des renseignements sur IXIARO\u00ae.\" \/><span class=\"wpcf7-list-item-label\">Je comprends qu\u2019en cochant cette case, je consens \u00e0 recevoir des courriels de Valneva contenant des renseignements sur IXIARO\u00ae.<\/span><\/label><\/span><\/span><\/span><\/label>\n<\/p>\n<p><label><span class=\"wpcf7-form-control-wrap\" data-name=\"checkbox-travel-health\"><span class=\"wpcf7-form-control wpcf7-checkbox\"><span class=\"wpcf7-list-item first last\"><label><input type=\"checkbox\" name=\"checkbox-travel-health[]\" value=\"Je suis \u00e9galement int\u00e9ress\u00e9 \u00e0 recevoir des courriels de Valneva contenant des renseignements sur la sant\u00e9 en voyage.\" \/><span class=\"wpcf7-list-item-label\">Je suis \u00e9galement int\u00e9ress\u00e9 \u00e0 recevoir des courriels de Valneva contenant des renseignements sur la sant\u00e9 en voyage.<\/span><\/label><\/span><\/span><\/span><\/label>\n<\/p>\n<p><label><span class=\"wpcf7-form-control-wrap\" data-name=\"checkbox-not-interested\"><span class=\"wpcf7-form-control wpcf7-checkbox\"><span class=\"wpcf7-list-item first last\"><label><input type=\"checkbox\" name=\"checkbox-not-interested[]\" value=\"Non. Je ne suis pas int\u00e9ress\u00e9 \u00e0 recevoir des renseignements additionnels pour le moment.\" \/><span class=\"wpcf7-list-item-label\">Non. Je ne suis pas int\u00e9ress\u00e9 \u00e0 recevoir des renseignements additionnels pour le moment.<\/span><\/label><\/span><\/span><\/span><\/label>\n<\/p>\n<p><input class=\"wpcf7-form-control wpcf7-submit has-spinner\" type=\"submit\" value=\"Soumettre\" \/>\n<\/p><div class=\"wpcf7-response-output\" aria-hidden=\"true\"><\/div>\n<\/form>\n<\/div>\n<\/div>\n\t\t\t\t<\/div>\n\t\t\t\t\t\t\t\t\t\t<script type=\"application\/ld+json\">{\"@context\":\"https:\\\/\\\/schema.org\",\"@type\":\"FAQPage\",\"mainEntity\":[{\"@type\":\"Question\",\"name\":\"Oui! J\\u2019aimerais recevoir des courriels de Valneva pour rester inform\\u00e9!\",\"acceptedAnswer\":{\"@type\":\"Answer\",\"text\":\"\\n<div class=\\\"wpcf7 no-js\\\" id=\\\"wpcf7-f3159-p2931-o2\\\" lang=\\\"en-US\\\" dir=\\\"ltr\\\" data-wpcf7-id=\\\"3159\\\">\\n<div class=\\\"screen-reader-response\\\"><p role=\\\"status\\\" aria-live=\\\"polite\\\" aria-atomic=\\\"true\\\"><\\\/p> <ul><\\\/ul><\\\/div>\\n<form action=\\\"\\\/fr\\\/nous-joindre\\\/#wpcf7-f3159-p2931-o2\\\" method=\\\"post\\\" class=\\\"wpcf7-form init\\\" aria-label=\\\"Contact form\\\" novalidate=\\\"novalidate\\\" data-status=\\\"init\\\">\\n<fieldset class=\\\"hidden-fields-container\\\"><input type=\\\"hidden\\\" name=\\\"_wpcf7\\\" value=\\\"3159\\\" \\\/><input type=\\\"hidden\\\" name=\\\"_wpcf7_version\\\" value=\\\"6.1.4\\\" \\\/><input type=\\\"hidden\\\" name=\\\"_wpcf7_locale\\\" value=\\\"en_US\\\" \\\/><input type=\\\"hidden\\\" name=\\\"_wpcf7_unit_tag\\\" value=\\\"wpcf7-f3159-p2931-o2\\\" \\\/><input type=\\\"hidden\\\" name=\\\"_wpcf7_container_post\\\" value=\\\"2931\\\" \\\/><input type=\\\"hidden\\\" name=\\\"_wpcf7_posted_data_hash\\\" value=\\\"\\\" \\\/>\\n<\\\/fieldset>\\n<p><label class=\\\"mail_label\\\"><span class=\\\"wpcf7-form-control-wrap\\\" data-name=\\\"your-email\\\"><input size=\\\"40\\\" maxlength=\\\"400\\\" class=\\\"wpcf7-form-control wpcf7-email wpcf7-validates-as-required wpcf7-text wpcf7-validates-as-email\\\" aria-required=\\\"true\\\" aria-invalid=\\\"false\\\" placeholder=\\\"Entrez votre adresse courriel\\\" value=\\\"\\\" type=\\\"email\\\" name=\\\"your-email\\\" \\\/><\\\/span><\\\/label>\\n<\\\/p>\\n<p><label><span class=\\\"wpcf7-form-control-wrap\\\" data-name=\\\"checkbox-receive-emails\\\"><span class=\\\"wpcf7-form-control wpcf7-checkbox\\\"><span class=\\\"wpcf7-list-item first last\\\"><label><input type=\\\"checkbox\\\" name=\\\"checkbox-receive-emails[]\\\" value=\\\"Je comprends qu\\u2019en cochant cette case, je consens \\u00e0 recevoir des courriels de Valneva contenant des renseignements sur IXIARO\\u00ae.\\\" \\\/><span class=\\\"wpcf7-list-item-label\\\">Je comprends qu\\u2019en cochant cette case, je consens \\u00e0 recevoir des courriels de Valneva contenant des renseignements sur IXIARO\\u00ae.<\\\/span><\\\/label><\\\/span><\\\/span><\\\/span><\\\/label>\\n<\\\/p>\\n<p><label><span class=\\\"wpcf7-form-control-wrap\\\" data-name=\\\"checkbox-travel-health\\\"><span class=\\\"wpcf7-form-control wpcf7-checkbox\\\"><span class=\\\"wpcf7-list-item first last\\\"><label><input type=\\\"checkbox\\\" name=\\\"checkbox-travel-health[]\\\" value=\\\"Je suis \\u00e9galement int\\u00e9ress\\u00e9 \\u00e0 recevoir des courriels de Valneva contenant des renseignements sur la sant\\u00e9 en voyage.\\\" \\\/><span class=\\\"wpcf7-list-item-label\\\">Je suis \\u00e9galement int\\u00e9ress\\u00e9 \\u00e0 recevoir des courriels de Valneva contenant des renseignements sur la sant\\u00e9 en voyage.<\\\/span><\\\/label><\\\/span><\\\/span><\\\/span><\\\/label>\\n<\\\/p>\\n<p><label><span class=\\\"wpcf7-form-control-wrap\\\" data-name=\\\"checkbox-not-interested\\\"><span class=\\\"wpcf7-form-control wpcf7-checkbox\\\"><span class=\\\"wpcf7-list-item first last\\\"><label><input type=\\\"checkbox\\\" name=\\\"checkbox-not-interested[]\\\" value=\\\"Non. Je ne suis pas int\\u00e9ress\\u00e9 \\u00e0 recevoir des renseignements additionnels pour le moment.\\\" \\\/><span class=\\\"wpcf7-list-item-label\\\">Non. Je ne suis pas int\\u00e9ress\\u00e9 \\u00e0 recevoir des renseignements additionnels pour le moment.<\\\/span><\\\/label><\\\/span><\\\/span><\\\/span><\\\/label>\\n<\\\/p>\\n<p><input class=\\\"wpcf7-form-control wpcf7-submit has-spinner\\\" type=\\\"submit\\\" value=\\\"Soumettre\\\" \\\/>\\n<\\\/p><div class=\\\"wpcf7-response-output\\\" aria-hidden=\\\"true\\\"><\\\/div>\\n<\\\/form>\\n<\\\/div>\\n\"}}]}<\/script>\n\t\t\t\t\t<\/div>\n\t\t\t\t\t\t<\/div>\n\t\t\t\t<\/div>\n\t\t\t\t<\/div>\n\t\t\t\t\t<\/div>\n\t\t\t\t<\/div>\n\t\t\t\t<\/div>\n\t\t","protected":false},"excerpt":{"rendered":"<p>NOUS JOINDRE VALNEVA Canada Inc. 3535, boul. Saint-Charles, bureau 600 Kirkland (Qu\u00e9bec) H9H 5B9 T\u00e9l\u00e9phone : 514-630-6999 T\u00e9l\u00e9copieur : 514-630-9666 Courriel : valnevacanada@valneva.com Vous voulez rester inform\u00e9? Inscrivez-vous pour recevoir de Valneva les toutes les derni\u00e8res nouvelles sur IXIARO\u00ae. Oui! J\u2019aimerais recevoir des courriels de Valneva pour rester inform\u00e9! Je comprends qu\u2019en cochant cette case, [&hellip;]<\/p>\n","protected":false},"author":1,"featured_media":0,"parent":0,"menu_order":0,"comment_status":"closed","ping_status":"closed","template":"","meta":{"footnotes":""},"class_list":["post-2931","page","type-page","status-publish","hentry"],"yoast_head":"<!-- This site is optimized with the Yoast SEO plugin v26.7 - https:\/\/yoast.com\/wordpress\/plugins\/seo\/ -->\n<title>Nous Joindre - IXIARO JAPANESE ENCEPHALITIS VALNEVA<\/title>\n<meta name=\"robots\" content=\"index, follow, max-snippet:-1, max-image-preview:large, max-video-preview:-1\" \/>\n<link rel=\"canonical\" href=\"https:\/\/ixiaro.ca\/fr\/nous-joindre\/\" \/>\n<meta property=\"og:locale\" content=\"fr_FR\" \/>\n<meta property=\"og:type\" content=\"article\" \/>\n<meta property=\"og:title\" content=\"Nous Joindre - IXIARO JAPANESE ENCEPHALITIS VALNEVA\" \/>\n<meta property=\"og:description\" content=\"NOUS JOINDRE VALNEVA Canada Inc. 3535, boul. Saint-Charles, bureau 600 Kirkland (Qu\u00e9bec) H9H 5B9 T\u00e9l\u00e9phone : 514-630-6999 T\u00e9l\u00e9copieur : 514-630-9666 Courriel : valnevacanada@valneva.com Vous voulez rester inform\u00e9? Inscrivez-vous pour recevoir de Valneva les toutes les derni\u00e8res nouvelles sur IXIARO\u00ae. Oui! J\u2019aimerais recevoir des courriels de Valneva pour rester inform\u00e9! Je comprends qu\u2019en cochant cette case, [&hellip;]\" \/>\n<meta property=\"og:url\" content=\"https:\/\/ixiaro.ca\/fr\/nous-joindre\/\" \/>\n<meta property=\"og:site_name\" content=\"IXIARO JAPANESE ENCEPHALITIS VALNEVA\" \/>\n<meta property=\"article:modified_time\" content=\"2023-12-22T05:30:10+00:00\" \/>\n<meta property=\"og:image\" content=\"https:\/\/ixiaro.ca\/traveller\/wp-content\/uploads\/2023\/10\/Valneva-Logo.png\" \/>\n<meta name=\"twitter:card\" content=\"summary_large_image\" \/>\n<meta name=\"twitter:label1\" content=\"Dur\u00e9e de lecture estim\u00e9e\" \/>\n\t<meta name=\"twitter:data1\" content=\"1 minute\" \/>\n<script type=\"application\/ld+json\" class=\"yoast-schema-graph\">{\"@context\":\"https:\/\/schema.org\",\"@graph\":[{\"@type\":\"WebPage\",\"@id\":\"https:\/\/ixiaro.ca\/fr\/nous-joindre\/\",\"url\":\"https:\/\/ixiaro.ca\/fr\/nous-joindre\/\",\"name\":\"Nous Joindre - IXIARO JAPANESE ENCEPHALITIS VALNEVA\",\"isPartOf\":{\"@id\":\"https:\/\/ixiaro.ca\/fr\/#website\"},\"primaryImageOfPage\":{\"@id\":\"https:\/\/ixiaro.ca\/fr\/nous-joindre\/#primaryimage\"},\"image\":{\"@id\":\"https:\/\/ixiaro.ca\/fr\/nous-joindre\/#primaryimage\"},\"thumbnailUrl\":\"https:\/\/ixiaro.ca\/traveller\/wp-content\/uploads\/2023\/10\/Valneva-Logo.png\",\"datePublished\":\"2023-10-17T07:34:11+00:00\",\"dateModified\":\"2023-12-22T05:30:10+00:00\",\"breadcrumb\":{\"@id\":\"https:\/\/ixiaro.ca\/fr\/nous-joindre\/#breadcrumb\"},\"inLanguage\":\"fr-FR\",\"potentialAction\":[{\"@type\":\"ReadAction\",\"target\":[\"https:\/\/ixiaro.ca\/fr\/nous-joindre\/\"]}]},{\"@type\":\"ImageObject\",\"inLanguage\":\"fr-FR\",\"@id\":\"https:\/\/ixiaro.ca\/fr\/nous-joindre\/#primaryimage\",\"url\":\"https:\/\/ixiaro.ca\/traveller\/wp-content\/uploads\/2023\/10\/Valneva-Logo.png\",\"contentUrl\":\"https:\/\/ixiaro.ca\/traveller\/wp-content\/uploads\/2023\/10\/Valneva-Logo.png\"},{\"@type\":\"BreadcrumbList\",\"@id\":\"https:\/\/ixiaro.ca\/fr\/nous-joindre\/#breadcrumb\",\"itemListElement\":[{\"@type\":\"ListItem\",\"position\":1,\"name\":\"Home\",\"item\":\"https:\/\/ixiaro.ca\/fr\/gate\/\"},{\"@type\":\"ListItem\",\"position\":2,\"name\":\"Nous Joindre\"}]},{\"@type\":\"WebSite\",\"@id\":\"https:\/\/ixiaro.ca\/fr\/#website\",\"url\":\"https:\/\/ixiaro.ca\/fr\/\",\"name\":\"IXIARO JAPANESE ENCEPHALITIS VALNEVA\",\"description\":\"\",\"publisher\":{\"@id\":\"https:\/\/ixiaro.ca\/fr\/#organization\"},\"potentialAction\":[{\"@type\":\"SearchAction\",\"target\":{\"@type\":\"EntryPoint\",\"urlTemplate\":\"https:\/\/ixiaro.ca\/fr\/?s={search_term_string}\"},\"query-input\":{\"@type\":\"PropertyValueSpecification\",\"valueRequired\":true,\"valueName\":\"search_term_string\"}}],\"inLanguage\":\"fr-FR\"},{\"@type\":\"Organization\",\"@id\":\"https:\/\/ixiaro.ca\/fr\/#organization\",\"name\":\"IXIARO JAPANESE ENCEPHALITIS VALNEVA\",\"url\":\"https:\/\/ixiaro.ca\/fr\/\",\"logo\":{\"@type\":\"ImageObject\",\"inLanguage\":\"fr-FR\",\"@id\":\"https:\/\/ixiaro.ca\/fr\/#\/schema\/logo\/image\/\",\"url\":\"https:\/\/ixiaro.ca\/wp-content\/uploads\/2023\/10\/logo.png\",\"contentUrl\":\"https:\/\/ixiaro.ca\/wp-content\/uploads\/2023\/10\/logo.png\",\"width\":403,\"height\":121,\"caption\":\"IXIARO JAPANESE ENCEPHALITIS VALNEVA\"},\"image\":{\"@id\":\"https:\/\/ixiaro.ca\/fr\/#\/schema\/logo\/image\/\"}}]}<\/script>\n<!-- \/ Yoast SEO plugin. -->","yoast_head_json":{"title":"Nous Joindre - IXIARO JAPANESE ENCEPHALITIS VALNEVA","robots":{"index":"index","follow":"follow","max-snippet":"max-snippet:-1","max-image-preview":"max-image-preview:large","max-video-preview":"max-video-preview:-1"},"canonical":"https:\/\/ixiaro.ca\/fr\/nous-joindre\/","og_locale":"fr_FR","og_type":"article","og_title":"Nous Joindre - IXIARO JAPANESE ENCEPHALITIS VALNEVA","og_description":"NOUS JOINDRE VALNEVA Canada Inc. 3535, boul. Saint-Charles, bureau 600 Kirkland (Qu\u00e9bec) H9H 5B9 T\u00e9l\u00e9phone : 514-630-6999 T\u00e9l\u00e9copieur : 514-630-9666 Courriel : valnevacanada@valneva.com Vous voulez rester inform\u00e9? Inscrivez-vous pour recevoir de Valneva les toutes les derni\u00e8res nouvelles sur IXIARO\u00ae. Oui! J\u2019aimerais recevoir des courriels de Valneva pour rester inform\u00e9! Je comprends qu\u2019en cochant cette case, [&hellip;]","og_url":"https:\/\/ixiaro.ca\/fr\/nous-joindre\/","og_site_name":"IXIARO JAPANESE ENCEPHALITIS VALNEVA","article_modified_time":"2023-12-22T05:30:10+00:00","og_image":[{"url":"https:\/\/ixiaro.ca\/traveller\/wp-content\/uploads\/2023\/10\/Valneva-Logo.png","type":"","width":"","height":""}],"twitter_card":"summary_large_image","twitter_misc":{"Dur\u00e9e de lecture estim\u00e9e":"1 minute"},"schema":{"@context":"https:\/\/schema.org","@graph":[{"@type":"WebPage","@id":"https:\/\/ixiaro.ca\/fr\/nous-joindre\/","url":"https:\/\/ixiaro.ca\/fr\/nous-joindre\/","name":"Nous Joindre - IXIARO JAPANESE ENCEPHALITIS VALNEVA","isPartOf":{"@id":"https:\/\/ixiaro.ca\/fr\/#website"},"primaryImageOfPage":{"@id":"https:\/\/ixiaro.ca\/fr\/nous-joindre\/#primaryimage"},"image":{"@id":"https:\/\/ixiaro.ca\/fr\/nous-joindre\/#primaryimage"},"thumbnailUrl":"https:\/\/ixiaro.ca\/traveller\/wp-content\/uploads\/2023\/10\/Valneva-Logo.png","datePublished":"2023-10-17T07:34:11+00:00","dateModified":"2023-12-22T05:30:10+00:00","breadcrumb":{"@id":"https:\/\/ixiaro.ca\/fr\/nous-joindre\/#breadcrumb"},"inLanguage":"fr-FR","potentialAction":[{"@type":"ReadAction","target":["https:\/\/ixiaro.ca\/fr\/nous-joindre\/"]}]},{"@type":"ImageObject","inLanguage":"fr-FR","@id":"https:\/\/ixiaro.ca\/fr\/nous-joindre\/#primaryimage","url":"https:\/\/ixiaro.ca\/traveller\/wp-content\/uploads\/2023\/10\/Valneva-Logo.png","contentUrl":"https:\/\/ixiaro.ca\/traveller\/wp-content\/uploads\/2023\/10\/Valneva-Logo.png"},{"@type":"BreadcrumbList","@id":"https:\/\/ixiaro.ca\/fr\/nous-joindre\/#breadcrumb","itemListElement":[{"@type":"ListItem","position":1,"name":"Home","item":"https:\/\/ixiaro.ca\/fr\/gate\/"},{"@type":"ListItem","position":2,"name":"Nous Joindre"}]},{"@type":"WebSite","@id":"https:\/\/ixiaro.ca\/fr\/#website","url":"https:\/\/ixiaro.ca\/fr\/","name":"IXIARO JAPANESE ENCEPHALITIS VALNEVA","description":"","publisher":{"@id":"https:\/\/ixiaro.ca\/fr\/#organization"},"potentialAction":[{"@type":"SearchAction","target":{"@type":"EntryPoint","urlTemplate":"https:\/\/ixiaro.ca\/fr\/?s={search_term_string}"},"query-input":{"@type":"PropertyValueSpecification","valueRequired":true,"valueName":"search_term_string"}}],"inLanguage":"fr-FR"},{"@type":"Organization","@id":"https:\/\/ixiaro.ca\/fr\/#organization","name":"IXIARO JAPANESE ENCEPHALITIS VALNEVA","url":"https:\/\/ixiaro.ca\/fr\/","logo":{"@type":"ImageObject","inLanguage":"fr-FR","@id":"https:\/\/ixiaro.ca\/fr\/#\/schema\/logo\/image\/","url":"https:\/\/ixiaro.ca\/wp-content\/uploads\/2023\/10\/logo.png","contentUrl":"https:\/\/ixiaro.ca\/wp-content\/uploads\/2023\/10\/logo.png","width":403,"height":121,"caption":"IXIARO JAPANESE ENCEPHALITIS VALNEVA"},"image":{"@id":"https:\/\/ixiaro.ca\/fr\/#\/schema\/logo\/image\/"}}]}},"_links":{"self":[{"href":"https:\/\/ixiaro.ca\/fr\/wp-json\/wp\/v2\/pages\/2931","targetHints":{"allow":["GET"]}}],"collection":[{"href":"https:\/\/ixiaro.ca\/fr\/wp-json\/wp\/v2\/pages"}],"about":[{"href":"https:\/\/ixiaro.ca\/fr\/wp-json\/wp\/v2\/types\/page"}],"author":[{"embeddable":true,"href":"https:\/\/ixiaro.ca\/fr\/wp-json\/wp\/v2\/users\/1"}],"replies":[{"embeddable":true,"href":"https:\/\/ixiaro.ca\/fr\/wp-json\/wp\/v2\/comments?post=2931"}],"version-history":[{"count":17,"href":"https:\/\/ixiaro.ca\/fr\/wp-json\/wp\/v2\/pages\/2931\/revisions"}],"predecessor-version":[{"id":3213,"href":"https:\/\/ixiaro.ca\/fr\/wp-json\/wp\/v2\/pages\/2931\/revisions\/3213"}],"wp:attachment":[{"href":"https:\/\/ixiaro.ca\/fr\/wp-json\/wp\/v2\/media?parent=2931"}],"curies":[{"name":"wp","href":"https:\/\/api.w.org\/{rel}","templated":true}]}}